
{"id":10360,"date":"2024-05-21T10:41:52","date_gmt":"2024-05-21T09:41:52","guid":{"rendered":"http:\/\/sciences_bourses.univ-alger.dz\/?page_id=10360"},"modified":"2026-01-07T10:54:43","modified_gmt":"2026-01-07T09:54:43","slug":"faculte-des-sciences","status":"publish","type":"page","link":"http:\/\/sciences_bourses.univ-alger.dz\/?page_id=10360","title":{"rendered":"Facult\u00e9 des Sciences"},"content":{"rendered":"\n<p><\/p>\n\n\n\n<div class=\"wp-block-columns is-layout-flex wp-container-core-columns-is-layout-1 wp-block-columns-is-layout-flex\">\n<div class=\"wp-block-column is-layout-flow wp-block-column-is-layout-flow\" style=\"flex-basis:25%\"><\/div>\n\n\n\n<div class=\"wp-block-column is-layout-flow wp-block-column-is-layout-flow\" style=\"flex-basis:50%\">\n<h1 class=\"wp-block-heading has-text-align-center\">Facult\u00e9 des Science<\/h1>\n<\/div>\n\n\n\n<div class=\"wp-block-column is-layout-flow wp-block-column-is-layout-flow\" style=\"flex-basis:25%\"><div class=\"logged-out wp-block-loginout\"><a href=\"http:\/\/sciences_bourses.univ-alger.dz\/wp-login.php?redirect_to=http%3A%2F%2Fsciences_bourses.univ-alger.dz%2Findex.php%3Frest_route%3D%252Fwp%252Fv2%252Fpages%252F10360\">Connexion<\/a><\/div><\/div>\n<\/div>\n\n\n<div class=\"wp-block-image\">\n<figure class=\"aligncenter size-full is-resized\"><img decoding=\"async\" width=\"133\" height=\"133\" src=\"http:\/\/sciences_bourses.univ-alger.dz\/wp-content\/uploads\/2024\/05\/telechargement-150x150-1.png\" alt=\"\" class=\"wp-image-10365\" style=\"width:103px;height:103px\"\/><\/figure><\/div>\n\n\n<div style=\"height:14px\" aria-hidden=\"true\" class=\"wp-block-spacer\"><\/div>\n\n\n\n<div class=\"wp-block-columns is-layout-flex wp-container-core-columns-is-layout-2 wp-block-columns-is-layout-flex\">\n<div class=\"wp-block-column is-layout-flow wp-block-column-is-layout-flow\">\n<h2 class=\"wp-block-heading has-text-align-center\">Mobilit\u00e9 de courte dur\u00e9e \u00e0 l\u2019\u00e9tranger 2026<\/h2>\n<\/div>\n<\/div>\n\n\n\n<div style=\"height:24px\" aria-hidden=\"true\" class=\"wp-block-spacer\"><\/div>\n\n\n\n<div class=\"wp-block-columns is-layout-flex wp-container-core-columns-is-layout-3 wp-block-columns-is-layout-flex\">\n<div class=\"wp-block-column is-layout-flow wp-block-column-is-layout-flow\" style=\"flex-basis:7%\"><\/div>\n\n\n\n<div class=\"wp-block-column is-layout-flow wp-block-column-is-layout-flow\" style=\"flex-basis:86%\">\n<figure class=\"wp-block-table is-style-stripes has-medium-font-size\"><table class=\"has-fixed-layout\"><tbody><tr><td><strong>Calendrier d&rsquo;inscription<\/strong><\/td><td><\/td><\/tr><tr><td><strong>Du 08 Janvier au 05 F\u00e9vrier 2026<\/strong><\/td><td><strong>Ouverture des inscriptions et d\u00e9p\u00f4t \u00e9lectronique des dossiers via la plateforme<\/strong><\/td><\/tr><tr><td><strong>Dates \u00e0 venir<\/strong><\/td><td><strong>Annonce des candidats dont les dossiers ont \u00e9t\u00e9 accept\u00e9s<\/strong><\/td><\/tr><tr><td><strong>Dates \u00e0 venir<\/strong><\/td><td><strong>Ouverture de la phase de recours<\/strong><\/td><\/tr><tr><td><strong>Dates \u00e0 venir<\/strong><\/td><td><strong>Annonce des r\u00e9sultats<\/strong><\/td><\/tr><\/tbody><\/table><\/figure>\n<\/div>\n\n\n\n<div class=\"wp-block-column is-layout-flow wp-block-column-is-layout-flow\" style=\"flex-basis:7%\"><\/div>\n<\/div>\n\n\n\n<div class=\"wp-block-columns is-layout-flex wp-container-core-columns-is-layout-4 wp-block-columns-is-layout-flex\">\n<div class=\"wp-block-column is-layout-flow wp-block-column-is-layout-flow\" style=\"flex-basis:25%\">\n<div class=\"wp-block-buttons is-layout-flex wp-block-buttons-is-layout-flex\"><\/div>\n<\/div>\n\n\n\n<div class=\"wp-block-column is-layout-flow wp-block-column-is-layout-flow\" style=\"flex-basis:50%\"><\/div>\n\n\n\n<div class=\"wp-block-column is-layout-flow wp-block-column-is-layout-flow\" style=\"flex-basis:25%\"><\/div>\n<\/div>\n","protected":false},"excerpt":{"rendered":"<p>Facult\u00e9 des Science Mobilit\u00e9 de courte dur\u00e9e \u00e0 l\u2019\u00e9tranger 2026 Calendrier d&rsquo;inscription Du 08 Janvier au 05 F\u00e9vrier 2026 Ouverture des inscriptions et d\u00e9p\u00f4t \u00e9lectronique des dossiers via la plateforme Dates \u00e0 venir Annonce des candidats dont les dossiers ont \u00e9t\u00e9 accept\u00e9s Dates \u00e0 venir Ouverture de la phase de recours Dates \u00e0 venir Annonce&hellip;&nbsp;<a href=\"http:\/\/sciences_bourses.univ-alger.dz\/?page_id=10360\" class=\"\" rel=\"bookmark\">Lire la suite &raquo;<span class=\"screen-reader-text\">Facult\u00e9 des Sciences<\/span><\/a><\/p>\n","protected":false},"author":1,"featured_media":0,"parent":0,"menu_order":0,"comment_status":"closed","ping_status":"closed","template":"page-templates\/template-pagebuilder-full-width.php","meta":{"neve_meta_sidebar":"","neve_meta_container":"","neve_meta_enable_content_width":"","neve_meta_content_width":0,"neve_meta_title_alignment":"","neve_meta_author_avatar":"","neve_post_elements_order":"","neve_meta_disable_header":"","neve_meta_disable_footer":"","neve_meta_disable_title":"","footnotes":""},"class_list":["post-10360","page","type-page","status-publish","hentry"],"_links":{"self":[{"href":"http:\/\/sciences_bourses.univ-alger.dz\/index.php?rest_route=\/wp\/v2\/pages\/10360","targetHints":{"allow":["GET"]}}],"collection":[{"href":"http:\/\/sciences_bourses.univ-alger.dz\/index.php?rest_route=\/wp\/v2\/pages"}],"about":[{"href":"http:\/\/sciences_bourses.univ-alger.dz\/index.php?rest_route=\/wp\/v2\/types\/page"}],"author":[{"embeddable":true,"href":"http:\/\/sciences_bourses.univ-alger.dz\/index.php?rest_route=\/wp\/v2\/users\/1"}],"replies":[{"embeddable":true,"href":"http:\/\/sciences_bourses.univ-alger.dz\/index.php?rest_route=%2Fwp%2Fv2%2Fcomments&post=10360"}],"version-history":[{"count":17,"href":"http:\/\/sciences_bourses.univ-alger.dz\/index.php?rest_route=\/wp\/v2\/pages\/10360\/revisions"}],"predecessor-version":[{"id":13714,"href":"http:\/\/sciences_bourses.univ-alger.dz\/index.php?rest_route=\/wp\/v2\/pages\/10360\/revisions\/13714"}],"wp:attachment":[{"href":"http:\/\/sciences_bourses.univ-alger.dz\/index.php?rest_route=%2Fwp%2Fv2%2Fmedia&parent=10360"}],"curies":[{"name":"wp","href":"https:\/\/api.w.org\/{rel}","templated":true}]}}